{"id":17,"date":"2024-03-13T08:17:54","date_gmt":"2024-03-13T07:17:54","guid":{"rendered":"http:\/\/petanquovalie.com\/?page_id=17"},"modified":"2024-03-13T10:25:20","modified_gmt":"2024-03-13T09:25:20","slug":"qui-sommes-nous","status":"publish","type":"page","link":"https:\/\/www.petanquovalie.com\/index.php\/qui-sommes-nous\/","title":{"rendered":"P\u00e9tanqu&rsquo;Ovalie qu\u00e8saco ?"},"content":{"rendered":"\n<figure class=\"wp-block-image size-large\"><img loading=\"lazy\" decoding=\"async\" width=\"1024\" height=\"512\" src=\"https:\/\/www.petanquovalie.com\/wp-content\/uploads\/2024\/03\/3-1024x512.png\" alt=\"\" class=\"wp-image-256\" srcset=\"https:\/\/www.petanquovalie.com\/wp-content\/uploads\/2024\/03\/3-1024x512.png 1024w, https:\/\/www.petanquovalie.com\/wp-content\/uploads\/2024\/03\/3-300x150.png 300w, https:\/\/www.petanquovalie.com\/wp-content\/uploads\/2024\/03\/3-768x384.png 768w, https:\/\/www.petanquovalie.com\/wp-content\/uploads\/2024\/03\/3-1536x768.png 1536w, https:\/\/www.petanquovalie.com\/wp-content\/uploads\/2024\/03\/3-2048x1024.png 2048w\" sizes=\"auto, (max-width: 1024px) 100vw, 1024px\" \/><\/figure>\n\n\n\n<hr class=\"wp-block-separator has-text-color has-alpha-channel-opacity has-background is-style-wide\" style=\"background-color:#fce365;color:#fce365\"\/>\n\n\n\n<p class=\"has-text-align-center has-text-color has-link-color wp-elements-0de84379c7fa2c260af4138851cb34fc\" style=\"color:#b32759\"><strong>Qu\u00e8saco ? P\u00e9tanqu&rsquo;Ovalie<\/strong><\/p>\n\n\n\n<p class=\"has-text-align-center\">Un m\u00e9lange plus que festif ! <\/p>\n\n\n\n<p class=\"has-text-align-center\">Il s\u2019agit d\u2019un concours de p\u00e9tanque r\u00e9serv\u00e9 au monde du rugby.<\/p>\n\n\n\n<p class=\"has-text-align-center\">Mais des concours de p\u00e9tanque, il en existe des milliers\u2026<\/p>\n\n\n\n<p class=\"has-text-align-center\">Certes, mais le notre est FOL-KLO-RI-QUE.<\/p>\n\n\n\n<hr class=\"wp-block-separator has-text-color has-alpha-channel-opacity has-background is-style-wide\" style=\"background-color:#fce365;color:#fce365\"\/>\n\n\n\n<p class=\"has-text-align-center has-text-color has-link-color wp-elements-6c60fc18a484b64e4ef4f56dd6bf1cbe\" style=\"color:#b32759\"><strong>\u00c7a devient int\u00e9ressant\u2026<\/strong><\/p>\n\n\n\n<p class=\"has-text-align-center\">Le programme s&rsquo;annonce sensationnel.<\/p>\n\n\n\n<p class=\"has-text-align-center\">Ambiance bandas toute la journ\u00e9e, pour l&rsquo;ap\u00e9ro et les finales.<\/p>\n\n\n\n<p class=\"has-text-align-center\">Pour cl\u00f4turer l&rsquo;\u00e9v\u00e9nement, ambiance bod\u00e9ga avec dj !<\/p>\n\n\n\n<hr class=\"wp-block-separator has-text-color has-alpha-channel-opacity has-background is-style-wide\" style=\"background-color:#fce365;color:#fce365\"\/>\n\n\n\n<p class=\"has-text-align-center has-text-color has-link-color wp-elements-a5e920d0f9ddad242075f9018e8df82c\" style=\"color:#b32759\"><strong>C\u2019est s\u00fbr, y\u2019a du beau monde !<\/strong><\/p>\n\n\n\n<p class=\"has-text-align-center\">Le cr\u00e9ateur de notre logo n&rsquo;est autre que Roger Blachon, journaliste et dessinateur humoristique au journal L&rsquo;Equipe, disparu en juin 2008.<\/p>\n\n\n\n<p class=\"has-text-align-center\">Il avait accept\u00e9 de le faire parce que l\u2019id\u00e9e l\u2019avait s\u00e9duit et qu\u2019il aimait le rugby amateur.<\/p>\n\n\n\n<p class=\"has-text-align-center\">Nous allons inviter cette ann\u00e9e tous les clubs de la nouvelle Ligue Occitanie, mais \u00e9galement de divers coins de France.<\/p>\n\n\n\n<hr class=\"wp-block-separator has-text-color has-alpha-channel-opacity has-background is-style-wide\" style=\"background-color:#fce365;color:#fce365\"\/>\n\n\n\n<p class=\"has-text-align-center has-text-color has-link-color wp-elements-2df17937257935a6c19fc4853546c6c2\" style=\"color:#b32759\"><strong>Nos valeurs..<\/strong>.<\/p>\n\n\n\n<p class=\"has-text-align-center\">Les \u00e9quipes jouent toutes pour une \u00e9cole de rugby et les gains des finalistes et vainqueurs leur sont revers\u00e9s int\u00e9gralement.<\/p>\n\n\n\n<p class=\"has-text-align-center\">Passez un moment convivial sous les valeurs du ballon ovale sont nos ma\u00eetres mots de ce moment. <\/p>\n\n\n\n<hr class=\"wp-block-separator has-text-color has-alpha-channel-opacity has-background is-style-wide\" style=\"background-color:#fce365;color:#fce365\"\/>\n\n\n\n<p class=\"has-text-align-center has-text-color has-link-color wp-elements-2e571ae58d3f8abcc409f6c4f921d99a\" style=\"color:#b32759\"><strong>Qui l&rsquo;organise ?<\/strong><\/p>\n\n\n\n<p class=\"has-text-align-center\">P\u00e9tanqu&rsquo;Ovalie est un \u00e9v\u00e9nement prot\u00e9g\u00e9 et organis\u00e9 par le Stade Lavelan\u00e9tien Rugby, joueurs et dirigeants.<\/p>\n\n\n\n<hr class=\"wp-block-separator has-text-color has-alpha-channel-opacity has-background is-style-wide\" style=\"background-color:#fce365;color:#fce365\"\/>\n","protected":false},"excerpt":{"rendered":"<p>Qu\u00e8saco ? P\u00e9tanqu&rsquo;Ovalie Un m\u00e9lange plus que festif ! Il s\u2019agit d\u2019un concours de p\u00e9tanque r\u00e9serv\u00e9 au monde du rugby. Mais des concours de p\u00e9tanque, il en existe des milliers\u2026 Certes, mais le notre est FOL-KLO-RI-QUE. \u00c7a devient int\u00e9ressant\u2026 Le programme s&rsquo;annonce sensationnel. Ambiance bandas toute la journ\u00e9e, pour l&rsquo;ap\u00e9ro et les finales. Pour cl\u00f4turer [&hellip;]<\/p>\n","protected":false},"author":3,"featured_media":0,"parent":0,"menu_order":0,"comment_status":"closed","ping_status":"closed","template":"","meta":{"_exactmetrics_skip_tracking":false,"_exactmetrics_sitenote_active":false,"_exactmetrics_sitenote_note":"","_exactmetrics_sitenote_category":0,"footnotes":""},"class_list":["post-17","page","type-page","status-publish","hentry"],"jetpack_sharing_enabled":true,"_links":{"self":[{"href":"https:\/\/www.petanquovalie.com\/index.php\/wp-json\/wp\/v2\/pages\/17","targetHints":{"allow":["GET"]}}],"collection":[{"href":"https:\/\/www.petanquovalie.com\/index.php\/wp-json\/wp\/v2\/pages"}],"about":[{"href":"https:\/\/www.petanquovalie.com\/index.php\/wp-json\/wp\/v2\/types\/page"}],"author":[{"embeddable":true,"href":"https:\/\/www.petanquovalie.com\/index.php\/wp-json\/wp\/v2\/users\/3"}],"replies":[{"embeddable":true,"href":"https:\/\/www.petanquovalie.com\/index.php\/wp-json\/wp\/v2\/comments?post=17"}],"version-history":[{"count":10,"href":"https:\/\/www.petanquovalie.com\/index.php\/wp-json\/wp\/v2\/pages\/17\/revisions"}],"predecessor-version":[{"id":303,"href":"https:\/\/www.petanquovalie.com\/index.php\/wp-json\/wp\/v2\/pages\/17\/revisions\/303"}],"wp:attachment":[{"href":"https:\/\/www.petanquovalie.com\/index.php\/wp-json\/wp\/v2\/media?parent=17"}],"curies":[{"name":"wp","href":"https:\/\/api.w.org\/{rel}","templated":true}]}}