{"id":2,"date":"2019-04-17T14:35:26","date_gmt":"2019-04-17T12:35:26","guid":{"rendered":"http:\/\/petanquovalie.com\/?page_id=2"},"modified":"2024-03-13T10:21:50","modified_gmt":"2024-03-13T09:21:50","slug":"page-d-exemple","status":"publish","type":"page","link":"https:\/\/www.petanquovalie.com\/index.php\/page-d-exemple\/","title":{"rendered":"La P\u00e9tanque &#038; le Rugby !"},"content":{"rendered":"<div class=\"wp-block-image\">\n<figure class=\"aligncenter size-large is-resized\"><img loading=\"lazy\" decoding=\"async\" width=\"1024\" height=\"512\" src=\"https:\/\/www.petanquovalie.com\/wp-content\/uploads\/2024\/03\/4-1024x512.png\" alt=\"\" class=\"wp-image-250\" style=\"width:620px;height:auto\" srcset=\"https:\/\/www.petanquovalie.com\/wp-content\/uploads\/2024\/03\/4-1024x512.png 1024w, https:\/\/www.petanquovalie.com\/wp-content\/uploads\/2024\/03\/4-300x150.png 300w, https:\/\/www.petanquovalie.com\/wp-content\/uploads\/2024\/03\/4-768x384.png 768w, https:\/\/www.petanquovalie.com\/wp-content\/uploads\/2024\/03\/4-1536x768.png 1536w, https:\/\/www.petanquovalie.com\/wp-content\/uploads\/2024\/03\/4-2048x1024.png 2048w\" sizes=\"auto, (max-width: 1024px) 100vw, 1024px\" \/><\/figure>\n<\/div>\n\n\n<hr class=\"wp-block-separator has-text-color has-alpha-channel-opacity has-background is-style-wide\" style=\"background-color:#fce365;color:#fce365\"\/>\n\n\n\n<p class=\"has-text-align-center has-text-color has-link-color has-large-font-size wp-elements-c7aacfda921f0e0de75cf88ba419a1fa\" style=\"color:#b32759;font-style:normal;font-weight:900\"><strong>RETOUR EN IMAGES<\/strong><\/p>\n\n\n\n<figure class=\"wp-block-gallery has-nested-images columns-default is-cropped wp-block-gallery-1 is-layout-flex wp-block-gallery-is-layout-flex\">\n<figure class=\"wp-block-image size-large\"><img loading=\"lazy\" decoding=\"async\" width=\"1024\" height=\"683\" data-id=\"201\" src=\"https:\/\/www.petanquovalie.com\/wp-content\/uploads\/2020\/03\/868CC2C8-8464-4A2C-A311-C2A497BF5524-1024x683.jpeg\" alt=\"\" class=\"wp-image-201\" srcset=\"https:\/\/www.petanquovalie.com\/wp-content\/uploads\/2020\/03\/868CC2C8-8464-4A2C-A311-C2A497BF5524-1024x683.jpeg 1024w, https:\/\/www.petanquovalie.com\/wp-content\/uploads\/2020\/03\/868CC2C8-8464-4A2C-A311-C2A497BF5524-300x200.jpeg 300w, https:\/\/www.petanquovalie.com\/wp-content\/uploads\/2020\/03\/868CC2C8-8464-4A2C-A311-C2A497BF5524-768x512.jpeg 768w, https:\/\/www.petanquovalie.com\/wp-content\/uploads\/2020\/03\/868CC2C8-8464-4A2C-A311-C2A497BF5524.jpeg 1152w\" sizes=\"auto, (max-width: 1024px) 100vw, 1024px\" \/><\/figure>\n\n\n\n<figure class=\"wp-block-image size-large\"><img loading=\"lazy\" decoding=\"async\" width=\"900\" height=\"558\" data-id=\"163\" src=\"https:\/\/www.petanquovalie.com\/wp-content\/uploads\/2020\/03\/A2DA820B-2F9B-43AE-9018-E9F77F8C3A0F.jpeg\" alt=\"\" class=\"wp-image-163\" srcset=\"https:\/\/www.petanquovalie.com\/wp-content\/uploads\/2020\/03\/A2DA820B-2F9B-43AE-9018-E9F77F8C3A0F.jpeg 900w, https:\/\/www.petanquovalie.com\/wp-content\/uploads\/2020\/03\/A2DA820B-2F9B-43AE-9018-E9F77F8C3A0F-300x186.jpeg 300w, https:\/\/www.petanquovalie.com\/wp-content\/uploads\/2020\/03\/A2DA820B-2F9B-43AE-9018-E9F77F8C3A0F-768x476.jpeg 768w\" sizes=\"auto, (max-width: 900px) 100vw, 900px\" \/><\/figure>\n\n\n\n<figure class=\"wp-block-image size-large\"><img loading=\"lazy\" decoding=\"async\" width=\"576\" height=\"386\" data-id=\"160\" src=\"https:\/\/www.petanquovalie.com\/wp-content\/uploads\/2020\/03\/24CDB8EF-586C-4AB0-91BE-B3F73B60C6AA.jpeg\" alt=\"\" class=\"wp-image-160\" srcset=\"https:\/\/www.petanquovalie.com\/wp-content\/uploads\/2020\/03\/24CDB8EF-586C-4AB0-91BE-B3F73B60C6AA.jpeg 576w, https:\/\/www.petanquovalie.com\/wp-content\/uploads\/2020\/03\/24CDB8EF-586C-4AB0-91BE-B3F73B60C6AA-300x201.jpeg 300w\" sizes=\"auto, (max-width: 576px) 100vw, 576px\" \/><\/figure>\n\n\n\n<figure class=\"wp-block-image size-large\"><img loading=\"lazy\" decoding=\"async\" width=\"683\" height=\"1024\" data-id=\"199\" src=\"https:\/\/www.petanquovalie.com\/wp-content\/uploads\/2020\/03\/AFEB76A6-F842-4BB2-8893-B7D6990F6436-683x1024.jpeg\" alt=\"\" class=\"wp-image-199\" srcset=\"https:\/\/www.petanquovalie.com\/wp-content\/uploads\/2020\/03\/AFEB76A6-F842-4BB2-8893-B7D6990F6436-683x1024.jpeg 683w, https:\/\/www.petanquovalie.com\/wp-content\/uploads\/2020\/03\/AFEB76A6-F842-4BB2-8893-B7D6990F6436-200x300.jpeg 200w, https:\/\/www.petanquovalie.com\/wp-content\/uploads\/2020\/03\/AFEB76A6-F842-4BB2-8893-B7D6990F6436-768x1151.jpeg 768w, https:\/\/www.petanquovalie.com\/wp-content\/uploads\/2020\/03\/AFEB76A6-F842-4BB2-8893-B7D6990F6436-1025x1536.jpeg 1025w, https:\/\/www.petanquovalie.com\/wp-content\/uploads\/2020\/03\/AFEB76A6-F842-4BB2-8893-B7D6990F6436.jpeg 1286w\" sizes=\"auto, (max-width: 683px) 100vw, 683px\" \/><\/figure>\n\n\n\n<figure class=\"wp-block-image size-large\"><img loading=\"lazy\" decoding=\"async\" width=\"1024\" height=\"683\" data-id=\"203\" src=\"https:\/\/www.petanquovalie.com\/wp-content\/uploads\/2020\/03\/6E1A3DB9-A915-4970-B767-972DA8DF5810-1024x683.jpeg\" alt=\"\" class=\"wp-image-203\" srcset=\"https:\/\/www.petanquovalie.com\/wp-content\/uploads\/2020\/03\/6E1A3DB9-A915-4970-B767-972DA8DF5810-1024x683.jpeg 1024w, https:\/\/www.petanquovalie.com\/wp-content\/uploads\/2020\/03\/6E1A3DB9-A915-4970-B767-972DA8DF5810-300x200.jpeg 300w, https:\/\/www.petanquovalie.com\/wp-content\/uploads\/2020\/03\/6E1A3DB9-A915-4970-B767-972DA8DF5810-768x512.jpeg 768w, https:\/\/www.petanquovalie.com\/wp-content\/uploads\/2020\/03\/6E1A3DB9-A915-4970-B767-972DA8DF5810.jpeg 1152w\" sizes=\"auto, (max-width: 1024px) 100vw, 1024px\" \/><\/figure>\n\n\n\n<figure class=\"wp-block-image size-large\"><img loading=\"lazy\" decoding=\"async\" width=\"1024\" height=\"683\" data-id=\"194\" src=\"https:\/\/www.petanquovalie.com\/wp-content\/uploads\/2020\/03\/4CA1AD56-D196-42B1-B05A-FFEFB1FD462D-1024x683.jpeg\" alt=\"\" class=\"wp-image-194\" srcset=\"https:\/\/www.petanquovalie.com\/wp-content\/uploads\/2020\/03\/4CA1AD56-D196-42B1-B05A-FFEFB1FD462D-1024x683.jpeg 1024w, https:\/\/www.petanquovalie.com\/wp-content\/uploads\/2020\/03\/4CA1AD56-D196-42B1-B05A-FFEFB1FD462D-300x200.jpeg 300w, https:\/\/www.petanquovalie.com\/wp-content\/uploads\/2020\/03\/4CA1AD56-D196-42B1-B05A-FFEFB1FD462D-768x512.jpeg 768w, https:\/\/www.petanquovalie.com\/wp-content\/uploads\/2020\/03\/4CA1AD56-D196-42B1-B05A-FFEFB1FD462D-1536x1024.jpeg 1536w, https:\/\/www.petanquovalie.com\/wp-content\/uploads\/2020\/03\/4CA1AD56-D196-42B1-B05A-FFEFB1FD462D-1568x1045.jpeg 1568w, https:\/\/www.petanquovalie.com\/wp-content\/uploads\/2020\/03\/4CA1AD56-D196-42B1-B05A-FFEFB1FD462D.jpeg 1944w\" sizes=\"auto, (max-width: 1024px) 100vw, 1024px\" \/><\/figure>\n\n\n\n<figure class=\"wp-block-image size-large\"><img loading=\"lazy\" decoding=\"async\" width=\"683\" height=\"1024\" data-id=\"193\" src=\"https:\/\/www.petanquovalie.com\/wp-content\/uploads\/2020\/03\/EDD68079-7D51-405C-A16C-BD2495DB850D-683x1024.jpeg\" alt=\"\" class=\"wp-image-193\" srcset=\"https:\/\/www.petanquovalie.com\/wp-content\/uploads\/2020\/03\/EDD68079-7D51-405C-A16C-BD2495DB850D-683x1024.jpeg 683w, https:\/\/www.petanquovalie.com\/wp-content\/uploads\/2020\/03\/EDD68079-7D51-405C-A16C-BD2495DB850D-200x300.jpeg 200w, https:\/\/www.petanquovalie.com\/wp-content\/uploads\/2020\/03\/EDD68079-7D51-405C-A16C-BD2495DB850D-768x1152.jpeg 768w, https:\/\/www.petanquovalie.com\/wp-content\/uploads\/2020\/03\/EDD68079-7D51-405C-A16C-BD2495DB850D-1024x1536.jpeg 1024w, https:\/\/www.petanquovalie.com\/wp-content\/uploads\/2020\/03\/EDD68079-7D51-405C-A16C-BD2495DB850D.jpeg 1200w\" sizes=\"auto, (max-width: 683px) 100vw, 683px\" \/><\/figure>\n\n\n\n<figure class=\"wp-block-image size-large\"><img loading=\"lazy\" decoding=\"async\" width=\"1024\" height=\"683\" data-id=\"191\" src=\"https:\/\/www.petanquovalie.com\/wp-content\/uploads\/2020\/03\/8FED1A5F-477B-4BA4-941F-09FF5A6508ED-1024x683.jpeg\" alt=\"\" class=\"wp-image-191\" srcset=\"https:\/\/www.petanquovalie.com\/wp-content\/uploads\/2020\/03\/8FED1A5F-477B-4BA4-941F-09FF5A6508ED-1024x683.jpeg 1024w, https:\/\/www.petanquovalie.com\/wp-content\/uploads\/2020\/03\/8FED1A5F-477B-4BA4-941F-09FF5A6508ED-300x200.jpeg 300w, https:\/\/www.petanquovalie.com\/wp-content\/uploads\/2020\/03\/8FED1A5F-477B-4BA4-941F-09FF5A6508ED-768x512.jpeg 768w, https:\/\/www.petanquovalie.com\/wp-content\/uploads\/2020\/03\/8FED1A5F-477B-4BA4-941F-09FF5A6508ED-1536x1025.jpeg 1536w, https:\/\/www.petanquovalie.com\/wp-content\/uploads\/2020\/03\/8FED1A5F-477B-4BA4-941F-09FF5A6508ED-1568x1046.jpeg 1568w, https:\/\/www.petanquovalie.com\/wp-content\/uploads\/2020\/03\/8FED1A5F-477B-4BA4-941F-09FF5A6508ED.jpeg 1866w\" sizes=\"auto, (max-width: 1024px) 100vw, 1024px\" \/><\/figure>\n\n\n\n<figure class=\"wp-block-image size-large\"><img loading=\"lazy\" decoding=\"async\" width=\"1024\" height=\"683\" data-id=\"187\" src=\"https:\/\/www.petanquovalie.com\/wp-content\/uploads\/2020\/03\/944F6B74-DC8A-4543-8A54-0D97DE079474-1024x683.jpeg\" alt=\"\" class=\"wp-image-187\" srcset=\"https:\/\/www.petanquovalie.com\/wp-content\/uploads\/2020\/03\/944F6B74-DC8A-4543-8A54-0D97DE079474-1024x683.jpeg 1024w, https:\/\/www.petanquovalie.com\/wp-content\/uploads\/2020\/03\/944F6B74-DC8A-4543-8A54-0D97DE079474-300x200.jpeg 300w, https:\/\/www.petanquovalie.com\/wp-content\/uploads\/2020\/03\/944F6B74-DC8A-4543-8A54-0D97DE079474-768x512.jpeg 768w, https:\/\/www.petanquovalie.com\/wp-content\/uploads\/2020\/03\/944F6B74-DC8A-4543-8A54-0D97DE079474.jpeg 1152w\" sizes=\"auto, (max-width: 1024px) 100vw, 1024px\" \/><\/figure>\n\n\n\n<figure class=\"wp-block-image size-large\"><img loading=\"lazy\" decoding=\"async\" width=\"1024\" height=\"683\" data-id=\"186\" src=\"https:\/\/www.petanquovalie.com\/wp-content\/uploads\/2020\/03\/5D145CE0-7CA6-42B6-995A-A0332EE90996-1024x683.jpeg\" alt=\"\" class=\"wp-image-186\" srcset=\"https:\/\/www.petanquovalie.com\/wp-content\/uploads\/2020\/03\/5D145CE0-7CA6-42B6-995A-A0332EE90996-1024x683.jpeg 1024w, https:\/\/www.petanquovalie.com\/wp-content\/uploads\/2020\/03\/5D145CE0-7CA6-42B6-995A-A0332EE90996-300x200.jpeg 300w, https:\/\/www.petanquovalie.com\/wp-content\/uploads\/2020\/03\/5D145CE0-7CA6-42B6-995A-A0332EE90996-768x512.jpeg 768w, https:\/\/www.petanquovalie.com\/wp-content\/uploads\/2020\/03\/5D145CE0-7CA6-42B6-995A-A0332EE90996.jpeg 1152w\" sizes=\"auto, (max-width: 1024px) 100vw, 1024px\" \/><\/figure>\n\n\n\n<figure class=\"wp-block-image size-large\"><img loading=\"lazy\" decoding=\"async\" width=\"683\" height=\"1024\" data-id=\"196\" src=\"https:\/\/www.petanquovalie.com\/wp-content\/uploads\/2020\/03\/14EF5A34-786F-4799-86FE-F126554ABE0E-683x1024.jpeg\" alt=\"\" class=\"wp-image-196\" srcset=\"https:\/\/www.petanquovalie.com\/wp-content\/uploads\/2020\/03\/14EF5A34-786F-4799-86FE-F126554ABE0E-683x1024.jpeg 683w, https:\/\/www.petanquovalie.com\/wp-content\/uploads\/2020\/03\/14EF5A34-786F-4799-86FE-F126554ABE0E-200x300.jpeg 200w, https:\/\/www.petanquovalie.com\/wp-content\/uploads\/2020\/03\/14EF5A34-786F-4799-86FE-F126554ABE0E-768x1152.jpeg 768w, https:\/\/www.petanquovalie.com\/wp-content\/uploads\/2020\/03\/14EF5A34-786F-4799-86FE-F126554ABE0E-1024x1536.jpeg 1024w, https:\/\/www.petanquovalie.com\/wp-content\/uploads\/2020\/03\/14EF5A34-786F-4799-86FE-F126554ABE0E.jpeg 1296w\" sizes=\"auto, (max-width: 683px) 100vw, 683px\" \/><\/figure>\n\n\n\n<figure class=\"wp-block-image size-large\"><img loading=\"lazy\" decoding=\"async\" width=\"1024\" height=\"683\" data-id=\"183\" src=\"https:\/\/www.petanquovalie.com\/wp-content\/uploads\/2020\/03\/33F7184C-4938-4044-B95E-36B7BF5332FC-1024x683.jpeg\" alt=\"\" class=\"wp-image-183\" srcset=\"https:\/\/www.petanquovalie.com\/wp-content\/uploads\/2020\/03\/33F7184C-4938-4044-B95E-36B7BF5332FC-1024x683.jpeg 1024w, https:\/\/www.petanquovalie.com\/wp-content\/uploads\/2020\/03\/33F7184C-4938-4044-B95E-36B7BF5332FC-300x200.jpeg 300w, https:\/\/www.petanquovalie.com\/wp-content\/uploads\/2020\/03\/33F7184C-4938-4044-B95E-36B7BF5332FC-768x512.jpeg 768w, https:\/\/www.petanquovalie.com\/wp-content\/uploads\/2020\/03\/33F7184C-4938-4044-B95E-36B7BF5332FC-1536x1024.jpeg 1536w, https:\/\/www.petanquovalie.com\/wp-content\/uploads\/2020\/03\/33F7184C-4938-4044-B95E-36B7BF5332FC-1568x1045.jpeg 1568w, https:\/\/www.petanquovalie.com\/wp-content\/uploads\/2020\/03\/33F7184C-4938-4044-B95E-36B7BF5332FC.jpeg 1758w\" sizes=\"auto, (max-width: 1024px) 100vw, 1024px\" \/><\/figure>\n\n\n\n<figure class=\"wp-block-image size-large\"><img loading=\"lazy\" decoding=\"async\" width=\"1024\" height=\"683\" data-id=\"185\" src=\"https:\/\/www.petanquovalie.com\/wp-content\/uploads\/2020\/03\/F3A0B46D-BC9C-4D8A-A585-B66BEE164664-1024x683.jpeg\" alt=\"\" class=\"wp-image-185\" srcset=\"https:\/\/www.petanquovalie.com\/wp-content\/uploads\/2020\/03\/F3A0B46D-BC9C-4D8A-A585-B66BEE164664-1024x683.jpeg 1024w, https:\/\/www.petanquovalie.com\/wp-content\/uploads\/2020\/03\/F3A0B46D-BC9C-4D8A-A585-B66BEE164664-300x200.jpeg 300w, https:\/\/www.petanquovalie.com\/wp-content\/uploads\/2020\/03\/F3A0B46D-BC9C-4D8A-A585-B66BEE164664-768x512.jpeg 768w, https:\/\/www.petanquovalie.com\/wp-content\/uploads\/2020\/03\/F3A0B46D-BC9C-4D8A-A585-B66BEE164664.jpeg 1152w\" sizes=\"auto, (max-width: 1024px) 100vw, 1024px\" \/><\/figure>\n\n\n\n<figure class=\"wp-block-image size-large\"><img loading=\"lazy\" decoding=\"async\" width=\"604\" height=\"404\" data-id=\"158\" src=\"https:\/\/www.petanquovalie.com\/wp-content\/uploads\/2020\/03\/E38EF9A5-28A0-48DD-B767-2DF8E8F321A0.jpeg\" alt=\"\" class=\"wp-image-158\" srcset=\"https:\/\/www.petanquovalie.com\/wp-content\/uploads\/2020\/03\/E38EF9A5-28A0-48DD-B767-2DF8E8F321A0.jpeg 604w, https:\/\/www.petanquovalie.com\/wp-content\/uploads\/2020\/03\/E38EF9A5-28A0-48DD-B767-2DF8E8F321A0-300x201.jpeg 300w\" sizes=\"auto, (max-width: 604px) 100vw, 604px\" \/><\/figure>\n\n\n\n<figure class=\"wp-block-image size-large\"><img loading=\"lazy\" decoding=\"async\" width=\"1024\" height=\"683\" data-id=\"161\" src=\"https:\/\/www.petanquovalie.com\/wp-content\/uploads\/2020\/03\/2F080543-643B-4DF6-AFB9-32B49B3C38CE-1024x683.jpeg\" alt=\"\" class=\"wp-image-161\" srcset=\"https:\/\/www.petanquovalie.com\/wp-content\/uploads\/2020\/03\/2F080543-643B-4DF6-AFB9-32B49B3C38CE-1024x683.jpeg 1024w, https:\/\/www.petanquovalie.com\/wp-content\/uploads\/2020\/03\/2F080543-643B-4DF6-AFB9-32B49B3C38CE-300x200.jpeg 300w, https:\/\/www.petanquovalie.com\/wp-content\/uploads\/2020\/03\/2F080543-643B-4DF6-AFB9-32B49B3C38CE-768x512.jpeg 768w, https:\/\/www.petanquovalie.com\/wp-content\/uploads\/2020\/03\/2F080543-643B-4DF6-AFB9-32B49B3C38CE-1536x1024.jpeg 1536w, https:\/\/www.petanquovalie.com\/wp-content\/uploads\/2020\/03\/2F080543-643B-4DF6-AFB9-32B49B3C38CE-1568x1045.jpeg 1568w, https:\/\/www.petanquovalie.com\/wp-content\/uploads\/2020\/03\/2F080543-643B-4DF6-AFB9-32B49B3C38CE.jpeg 2048w\" sizes=\"auto, (max-width: 1024px) 100vw, 1024px\" \/><\/figure>\n\n\n\n<figure class=\"wp-block-image size-large\"><img loading=\"lazy\" decoding=\"async\" width=\"1024\" height=\"768\" data-id=\"122\" src=\"https:\/\/www.petanquovalie.com\/wp-content\/uploads\/2020\/03\/6243F52F-F278-4C45-9B02-1122A23CDAAA-1024x768.jpeg\" alt=\"\" class=\"wp-image-122\" srcset=\"https:\/\/www.petanquovalie.com\/wp-content\/uploads\/2020\/03\/6243F52F-F278-4C45-9B02-1122A23CDAAA-1024x768.jpeg 1024w, https:\/\/www.petanquovalie.com\/wp-content\/uploads\/2020\/03\/6243F52F-F278-4C45-9B02-1122A23CDAAA-300x225.jpeg 300w, https:\/\/www.petanquovalie.com\/wp-content\/uploads\/2020\/03\/6243F52F-F278-4C45-9B02-1122A23CDAAA-768x576.jpeg 768w, https:\/\/www.petanquovalie.com\/wp-content\/uploads\/2020\/03\/6243F52F-F278-4C45-9B02-1122A23CDAAA-1536x1152.jpeg 1536w, https:\/\/www.petanquovalie.com\/wp-content\/uploads\/2020\/03\/6243F52F-F278-4C45-9B02-1122A23CDAAA-1568x1176.jpeg 1568w, https:\/\/www.petanquovalie.com\/wp-content\/uploads\/2020\/03\/6243F52F-F278-4C45-9B02-1122A23CDAAA.jpeg 2048w\" sizes=\"auto, (max-width: 1024px) 100vw, 1024px\" \/><\/figure>\n\n\n\n<figure class=\"wp-block-image size-large\"><img loading=\"lazy\" decoding=\"async\" width=\"1024\" height=\"768\" data-id=\"127\" src=\"https:\/\/www.petanquovalie.com\/wp-content\/uploads\/2020\/03\/C929E221-C244-487C-AB9D-CB0CD474B3CD-1024x768.jpeg\" alt=\"\" class=\"wp-image-127\" srcset=\"https:\/\/www.petanquovalie.com\/wp-content\/uploads\/2020\/03\/C929E221-C244-487C-AB9D-CB0CD474B3CD-1024x768.jpeg 1024w, https:\/\/www.petanquovalie.com\/wp-content\/uploads\/2020\/03\/C929E221-C244-487C-AB9D-CB0CD474B3CD-300x225.jpeg 300w, https:\/\/www.petanquovalie.com\/wp-content\/uploads\/2020\/03\/C929E221-C244-487C-AB9D-CB0CD474B3CD-768x576.jpeg 768w, https:\/\/www.petanquovalie.com\/wp-content\/uploads\/2020\/03\/C929E221-C244-487C-AB9D-CB0CD474B3CD-1536x1152.jpeg 1536w, https:\/\/www.petanquovalie.com\/wp-content\/uploads\/2020\/03\/C929E221-C244-487C-AB9D-CB0CD474B3CD-1568x1176.jpeg 1568w, https:\/\/www.petanquovalie.com\/wp-content\/uploads\/2020\/03\/C929E221-C244-487C-AB9D-CB0CD474B3CD.jpeg 2048w\" sizes=\"auto, (max-width: 1024px) 100vw, 1024px\" \/><\/figure>\n\n\n\n<figure class=\"wp-block-image size-large\"><img loading=\"lazy\" decoding=\"async\" width=\"768\" height=\"1024\" data-id=\"165\" src=\"https:\/\/www.petanquovalie.com\/wp-content\/uploads\/2020\/03\/50002F27-ECAB-42DC-BDC7-EDB8CF2338BA-768x1024.jpeg\" alt=\"\" class=\"wp-image-165\" srcset=\"https:\/\/www.petanquovalie.com\/wp-content\/uploads\/2020\/03\/50002F27-ECAB-42DC-BDC7-EDB8CF2338BA-768x1024.jpeg 768w, https:\/\/www.petanquovalie.com\/wp-content\/uploads\/2020\/03\/50002F27-ECAB-42DC-BDC7-EDB8CF2338BA-225x300.jpeg 225w, https:\/\/www.petanquovalie.com\/wp-content\/uploads\/2020\/03\/50002F27-ECAB-42DC-BDC7-EDB8CF2338BA-1152x1536.jpeg 1152w, https:\/\/www.petanquovalie.com\/wp-content\/uploads\/2020\/03\/50002F27-ECAB-42DC-BDC7-EDB8CF2338BA.jpeg 1536w\" sizes=\"auto, (max-width: 768px) 100vw, 768px\" \/><\/figure>\n\n\n\n<figure class=\"wp-block-image size-large\"><img loading=\"lazy\" decoding=\"async\" width=\"768\" height=\"1024\" data-id=\"166\" src=\"https:\/\/www.petanquovalie.com\/wp-content\/uploads\/2020\/03\/69366538-9A94-41FF-92E8-8B7956CB3E9C-768x1024.jpeg\" alt=\"\" class=\"wp-image-166\" srcset=\"https:\/\/www.petanquovalie.com\/wp-content\/uploads\/2020\/03\/69366538-9A94-41FF-92E8-8B7956CB3E9C-768x1024.jpeg 768w, https:\/\/www.petanquovalie.com\/wp-content\/uploads\/2020\/03\/69366538-9A94-41FF-92E8-8B7956CB3E9C-225x300.jpeg 225w, https:\/\/www.petanquovalie.com\/wp-content\/uploads\/2020\/03\/69366538-9A94-41FF-92E8-8B7956CB3E9C-1152x1536.jpeg 1152w, https:\/\/www.petanquovalie.com\/wp-content\/uploads\/2020\/03\/69366538-9A94-41FF-92E8-8B7956CB3E9C.jpeg 1536w\" sizes=\"auto, (max-width: 768px) 100vw, 768px\" \/><\/figure>\n\n\n\n<figure class=\"wp-block-image size-large\"><img loading=\"lazy\" decoding=\"async\" width=\"1024\" height=\"768\" data-id=\"132\" src=\"https:\/\/www.petanquovalie.com\/wp-content\/uploads\/2020\/03\/BA200F31-0287-4AAC-B52C-013A84B2B8B6-1024x768.jpeg\" alt=\"\" class=\"wp-image-132\" srcset=\"https:\/\/www.petanquovalie.com\/wp-content\/uploads\/2020\/03\/BA200F31-0287-4AAC-B52C-013A84B2B8B6-1024x768.jpeg 1024w, https:\/\/www.petanquovalie.com\/wp-content\/uploads\/2020\/03\/BA200F31-0287-4AAC-B52C-013A84B2B8B6-300x225.jpeg 300w, https:\/\/www.petanquovalie.com\/wp-content\/uploads\/2020\/03\/BA200F31-0287-4AAC-B52C-013A84B2B8B6-768x576.jpeg 768w, https:\/\/www.petanquovalie.com\/wp-content\/uploads\/2020\/03\/BA200F31-0287-4AAC-B52C-013A84B2B8B6-1536x1152.jpeg 1536w, https:\/\/www.petanquovalie.com\/wp-content\/uploads\/2020\/03\/BA200F31-0287-4AAC-B52C-013A84B2B8B6-1568x1176.jpeg 1568w, https:\/\/www.petanquovalie.com\/wp-content\/uploads\/2020\/03\/BA200F31-0287-4AAC-B52C-013A84B2B8B6.jpeg 2048w\" sizes=\"auto, (max-width: 1024px) 100vw, 1024px\" \/><\/figure>\n\n\n\n<figure class=\"wp-block-image size-large\"><img loading=\"lazy\" decoding=\"async\" width=\"1024\" height=\"768\" data-id=\"129\" src=\"https:\/\/www.petanquovalie.com\/wp-content\/uploads\/2020\/03\/669012A3-C0A1-4FB1-B0A5-AAA1997703B4-1024x768.jpeg\" alt=\"\" class=\"wp-image-129\" srcset=\"https:\/\/www.petanquovalie.com\/wp-content\/uploads\/2020\/03\/669012A3-C0A1-4FB1-B0A5-AAA1997703B4-1024x768.jpeg 1024w, https:\/\/www.petanquovalie.com\/wp-content\/uploads\/2020\/03\/669012A3-C0A1-4FB1-B0A5-AAA1997703B4-300x225.jpeg 300w, https:\/\/www.petanquovalie.com\/wp-content\/uploads\/2020\/03\/669012A3-C0A1-4FB1-B0A5-AAA1997703B4-768x576.jpeg 768w, https:\/\/www.petanquovalie.com\/wp-content\/uploads\/2020\/03\/669012A3-C0A1-4FB1-B0A5-AAA1997703B4-1536x1152.jpeg 1536w, https:\/\/www.petanquovalie.com\/wp-content\/uploads\/2020\/03\/669012A3-C0A1-4FB1-B0A5-AAA1997703B4-1568x1176.jpeg 1568w, https:\/\/www.petanquovalie.com\/wp-content\/uploads\/2020\/03\/669012A3-C0A1-4FB1-B0A5-AAA1997703B4.jpeg 2048w\" sizes=\"auto, (max-width: 1024px) 100vw, 1024px\" \/><\/figure>\n\n\n\n<figure class=\"wp-block-image size-large\"><img loading=\"lazy\" decoding=\"async\" width=\"1024\" height=\"768\" data-id=\"128\" src=\"https:\/\/www.petanquovalie.com\/wp-content\/uploads\/2020\/03\/68BB1A13-9DB4-4830-A195-E45279747930-1024x768.jpeg\" alt=\"\" class=\"wp-image-128\" srcset=\"https:\/\/www.petanquovalie.com\/wp-content\/uploads\/2020\/03\/68BB1A13-9DB4-4830-A195-E45279747930-1024x768.jpeg 1024w, https:\/\/www.petanquovalie.com\/wp-content\/uploads\/2020\/03\/68BB1A13-9DB4-4830-A195-E45279747930-300x225.jpeg 300w, https:\/\/www.petanquovalie.com\/wp-content\/uploads\/2020\/03\/68BB1A13-9DB4-4830-A195-E45279747930-768x576.jpeg 768w, https:\/\/www.petanquovalie.com\/wp-content\/uploads\/2020\/03\/68BB1A13-9DB4-4830-A195-E45279747930-1536x1152.jpeg 1536w, https:\/\/www.petanquovalie.com\/wp-content\/uploads\/2020\/03\/68BB1A13-9DB4-4830-A195-E45279747930-1568x1176.jpeg 1568w, https:\/\/www.petanquovalie.com\/wp-content\/uploads\/2020\/03\/68BB1A13-9DB4-4830-A195-E45279747930.jpeg 2048w\" sizes=\"auto, (max-width: 1024px) 100vw, 1024px\" \/><\/figure>\n<\/figure>\n\n\n\n<hr class=\"wp-block-separator has-text-color has-alpha-channel-opacity has-background is-style-wide\" style=\"background-color:#fce365;color:#fce365\"\/>\n\n\n\n<p class=\"has-text-align-center has-text-color has-link-color has-large-font-size wp-elements-9760b11e55ce9ebe0e19a7eb3d50352c\" style=\"color:#b32759;font-style:normal;font-weight:900\"><strong>LES VID\u00c9OS<\/strong><\/p>\n\n\n\n<figure class=\"wp-block-embed is-type-video is-provider-youtube wp-block-embed-youtube wp-embed-aspect-16-9 wp-has-aspect-ratio\"><div class=\"wp-block-embed__wrapper\">\n<iframe loading=\"lazy\" title=\"Petanqu&#039;Ovalie 2019 : retour sur une \u00e9dition sous le signe de la famille rugby\" width=\"580\" height=\"326\" src=\"https:\/\/www.youtube.com\/embed\/nPwXoi7ASbQ?feature=oembed\" frameborder=\"0\" allow=\"accelerometer; autoplay; clipboard-write; encrypted-media; gyroscope; picture-in-picture; web-share\" referrerpolicy=\"strict-origin-when-cross-origin\" allowfullscreen><\/iframe>\n<\/div><\/figure>\n\n\n\n<hr class=\"wp-block-separator has-text-color has-alpha-channel-opacity has-background is-style-wide\" style=\"background-color:#fce365;color:#fce365\"\/>\n\n\n\n<p class=\"has-text-align-center has-text-color has-link-color has-large-font-size wp-elements-a1109b56db30492eca1ffb5ff30d2108\" style=\"color:#b32759;font-style:normal;font-weight:900\"><strong>LA PRESSE EN PARLE<\/strong><\/p>\n\n\n\n<p class=\"has-text-align-center\">Et si P\u00e9tanqu\u2019Ovalie est avant tout une f\u00eate amicale au cours de laquelle le partage et la convivialit\u00e9 tiennent une place pr\u00e9pond\u00e9rante, l\u2019esprit de comp\u00e9tition est aussi pr\u00e9sent. Une comp\u00e9tition dont le premier coup de trompe, annon\u00e7ant son d\u00e9but, \u00e9tait donn\u00e9 \u00e0 10 heures p\u00e9tantes. Les 66 triplettes inscrites attaquaient les parties, qui, d\u2019entr\u00e9e, \u00e9taient \u00e2prement disput\u00e9es, dans un esprit rugby. Esprit que l\u2019on retrouvait dans l\u2019organisation, avec des phases finales calqu\u00e9es sur le championnat de France de rugby.<\/p>\n\n\n\n<p class=\"has-text-align-center\">Pour la petite histoire, Laurent Corbin, Christophe Rabufeti, Nicolas Dedieu, Thierry Valero et R\u00e9gis Maugard, \u00ab\u00a0les Ovalopith\u00e8ques\u00a0\u00bb qui inscrivent leurs noms sur le bouclier de P\u00e9tanqu\u2019Ovalie, en remportant une finale lavelan\u00e9tienne, devant la non moins m\u00e9ritante \u00e9quipe Labatut.<\/p>\n\n\n\n<p class=\"has-text-align-center\">La D\u00e9p\u00eache du 09 &#8211; A.C &#8211; Juin 2023<\/p>\n\n\n\n<hr class=\"wp-block-separator has-text-color has-alpha-channel-opacity has-background is-style-wide\" style=\"background-color:#fce365;color:#fce365\"\/>\n","protected":false},"excerpt":{"rendered":"<p>RETOUR EN IMAGES LES VID\u00c9OS LA PRESSE EN PARLE Et si P\u00e9tanqu\u2019Ovalie est avant tout une f\u00eate amicale au cours de laquelle le partage et la convivialit\u00e9 tiennent une place pr\u00e9pond\u00e9rante, l\u2019esprit de comp\u00e9tition est aussi pr\u00e9sent. Une comp\u00e9tition dont le premier coup de trompe, annon\u00e7ant son d\u00e9but, \u00e9tait donn\u00e9 \u00e0 10 heures p\u00e9tantes. Les [&hellip;]<\/p>\n","protected":false},"author":3,"featured_media":0,"parent":0,"menu_order":0,"comment_status":"closed","ping_status":"open","template":"","meta":{"_exactmetrics_skip_tracking":false,"_exactmetrics_sitenote_active":false,"_exactmetrics_sitenote_note":"","_exactmetrics_sitenote_category":0,"footnotes":""},"class_list":["post-2","page","type-page","status-publish","hentry"],"jetpack_sharing_enabled":true,"_links":{"self":[{"href":"https:\/\/www.petanquovalie.com\/index.php\/wp-json\/wp\/v2\/pages\/2","targetHints":{"allow":["GET"]}}],"collection":[{"href":"https:\/\/www.petanquovalie.com\/index.php\/wp-json\/wp\/v2\/pages"}],"about":[{"href":"https:\/\/www.petanquovalie.com\/index.php\/wp-json\/wp\/v2\/types\/page"}],"author":[{"embeddable":true,"href":"https:\/\/www.petanquovalie.com\/index.php\/wp-json\/wp\/v2\/users\/3"}],"replies":[{"embeddable":true,"href":"https:\/\/www.petanquovalie.com\/index.php\/wp-json\/wp\/v2\/comments?post=2"}],"version-history":[{"count":34,"href":"https:\/\/www.petanquovalie.com\/index.php\/wp-json\/wp\/v2\/pages\/2\/revisions"}],"predecessor-version":[{"id":301,"href":"https:\/\/www.petanquovalie.com\/index.php\/wp-json\/wp\/v2\/pages\/2\/revisions\/301"}],"wp:attachment":[{"href":"https:\/\/www.petanquovalie.com\/index.php\/wp-json\/wp\/v2\/media?parent=2"}],"curies":[{"name":"wp","href":"https:\/\/api.w.org\/{rel}","templated":true}]}}