{"id":238,"date":"2024-03-12T15:26:00","date_gmt":"2024-03-12T14:26:00","guid":{"rendered":"https:\/\/www.petanquovalie.com\/?page_id=238"},"modified":"2024-03-13T10:29:21","modified_gmt":"2024-03-13T09:29:21","slug":"les-benevoles","status":"publish","type":"page","link":"https:\/\/www.petanquovalie.com\/index.php\/les-benevoles\/","title":{"rendered":"LES B\u00c9N\u00c9VOLES"},"content":{"rendered":"\n<figure class=\"wp-block-image size-large\"><img loading=\"lazy\" decoding=\"async\" width=\"1024\" height=\"512\" src=\"https:\/\/www.petanquovalie.com\/wp-content\/uploads\/2024\/03\/5-1024x512.png\" alt=\"\" class=\"wp-image-265\" srcset=\"https:\/\/www.petanquovalie.com\/wp-content\/uploads\/2024\/03\/5-1024x512.png 1024w, https:\/\/www.petanquovalie.com\/wp-content\/uploads\/2024\/03\/5-300x150.png 300w, https:\/\/www.petanquovalie.com\/wp-content\/uploads\/2024\/03\/5-768x384.png 768w, https:\/\/www.petanquovalie.com\/wp-content\/uploads\/2024\/03\/5-1536x768.png 1536w, https:\/\/www.petanquovalie.com\/wp-content\/uploads\/2024\/03\/5-2048x1024.png 2048w\" sizes=\"auto, (max-width: 1024px) 100vw, 1024px\" \/><\/figure>\n\n\n\n<hr class=\"wp-block-separator has-text-color has-alpha-channel-opacity has-background is-style-wide\" style=\"background-color:#fce365;color:#fce365\"\/>\n\n\n\n<p class=\"has-text-align-center has-text-color has-link-color wp-elements-f61e5c04e2c68ffc0f49177477b65e1e\" style=\"color:#b32759\"><strong>Ils nous aident dans le d\u00e9veloppement humain et rugbystique<\/strong><\/p>\n\n\n\n<p class=\"has-text-align-center\">Des joueurs et dirigeants du Stade Lavelan\u00e9tien Rugby, des amis du Rugby, des parents&#8230; <br>Sans eux rien n&rsquo;est possible, ils travaillent d\u00e8s le d\u00e9but de la saison pour vous offrir un \u00e9v\u00e9nement de qualit\u00e9. <\/p>\n\n\n\n<p class=\"has-text-align-center has-text-color has-link-color wp-elements-620fa0853945eff7bc0433e70c0a2408\" style=\"color:#b32759\"><strong>Merci \u00e0 eux !<\/strong><\/p>\n\n\n\n<hr class=\"wp-block-separator has-text-color has-alpha-channel-opacity has-background is-style-wide\" style=\"background-color:#fce365;color:#fce365\"\/>\n\n\n\n<figure class=\"wp-block-image size-full\"><img loading=\"lazy\" decoding=\"async\" width=\"885\" height=\"500\" src=\"https:\/\/www.petanquovalie.com\/wp-content\/uploads\/2024\/03\/image-3-1.jpg\" alt=\"\" class=\"wp-image-267\" srcset=\"https:\/\/www.petanquovalie.com\/wp-content\/uploads\/2024\/03\/image-3-1.jpg 885w, https:\/\/www.petanquovalie.com\/wp-content\/uploads\/2024\/03\/image-3-1-300x169.jpg 300w, https:\/\/www.petanquovalie.com\/wp-content\/uploads\/2024\/03\/image-3-1-768x434.jpg 768w\" sizes=\"auto, (max-width: 885px) 100vw, 885px\" \/><\/figure>\n\n\n\n<p class=\"has-text-align-center has-text-color has-link-color wp-elements-f689efb5e1d496a51b52f5639ee3b0be\" style=\"color:#b32759\"><strong>L&rsquo;\u00e9quipe b\u00e9n\u00e9voles pour l&rsquo;\u00e9dition 2023<\/strong><\/p>\n\n\n\n<hr class=\"wp-block-separator has-text-color has-alpha-channel-opacity has-background is-style-wide\" style=\"background-color:#fce365;color:#fce365\"\/>\n","protected":false},"excerpt":{"rendered":"<p>Ils nous aident dans le d\u00e9veloppement humain et rugbystique Des joueurs et dirigeants du Stade Lavelan\u00e9tien Rugby, des amis du Rugby, des parents&#8230; Sans eux rien n&rsquo;est possible, ils travaillent d\u00e8s le d\u00e9but de la saison pour vous offrir un \u00e9v\u00e9nement de qualit\u00e9. Merci \u00e0 eux ! L&rsquo;\u00e9quipe b\u00e9n\u00e9voles pour l&rsquo;\u00e9dition 2023<\/p>\n","protected":false},"author":3,"featured_media":0,"parent":0,"menu_order":0,"comment_status":"closed","ping_status":"closed","template":"","meta":{"_exactmetrics_skip_tracking":false,"_exactmetrics_sitenote_active":false,"_exactmetrics_sitenote_note":"","_exactmetrics_sitenote_category":0,"footnotes":""},"class_list":["post-238","page","type-page","status-publish","hentry"],"jetpack_sharing_enabled":true,"_links":{"self":[{"href":"https:\/\/www.petanquovalie.com\/index.php\/wp-json\/wp\/v2\/pages\/238","targetHints":{"allow":["GET"]}}],"collection":[{"href":"https:\/\/www.petanquovalie.com\/index.php\/wp-json\/wp\/v2\/pages"}],"about":[{"href":"https:\/\/www.petanquovalie.com\/index.php\/wp-json\/wp\/v2\/types\/page"}],"author":[{"embeddable":true,"href":"https:\/\/www.petanquovalie.com\/index.php\/wp-json\/wp\/v2\/users\/3"}],"replies":[{"embeddable":true,"href":"https:\/\/www.petanquovalie.com\/index.php\/wp-json\/wp\/v2\/comments?post=238"}],"version-history":[{"count":3,"href":"https:\/\/www.petanquovalie.com\/index.php\/wp-json\/wp\/v2\/pages\/238\/revisions"}],"predecessor-version":[{"id":305,"href":"https:\/\/www.petanquovalie.com\/index.php\/wp-json\/wp\/v2\/pages\/238\/revisions\/305"}],"wp:attachment":[{"href":"https:\/\/www.petanquovalie.com\/index.php\/wp-json\/wp\/v2\/media?parent=238"}],"curies":[{"name":"wp","href":"https:\/\/api.w.org\/{rel}","templated":true}]}}