{"id":239,"date":"2024-03-12T15:26:00","date_gmt":"2024-03-12T14:26:00","guid":{"rendered":"https:\/\/www.petanquovalie.com\/?page_id=239"},"modified":"2026-04-13T17:09:59","modified_gmt":"2026-04-13T15:09:59","slug":"https-my-weezevent-com-petanquovalie-2024_gl1k9nh4z_gcl_aumjuxmjmxnji3lje3mtayntg5mzg-_gamtazndg1mdcxms4xnzewmju4otq4_ga_39h9vbfx7gmtcxmdqwntm1ns4yljeumtcxmdqwnzk0oc40oc4wlja","status":"publish","type":"page","link":"https:\/\/www.petanquovalie.com\/index.php\/https-my-weezevent-com-petanquovalie-2024_gl1k9nh4z_gcl_aumjuxmjmxnji3lje3mtayntg5mzg-_gamtazndg1mdcxms4xnzewmju4otq4_ga_39h9vbfx7gmtcxmdqwntm1ns4yljeumtcxmdqwnzk0oc40oc4wlja\/","title":{"rendered":"INSCRIPTION EN LIGNE"},"content":{"rendered":"\n<figure class=\"wp-block-image size-large\"><img loading=\"lazy\" decoding=\"async\" width=\"1024\" height=\"512\" src=\"https:\/\/www.petanquovalie.com\/wp-content\/uploads\/2024\/03\/1-1024x512.png\" alt=\"\" class=\"wp-image-261\" srcset=\"https:\/\/www.petanquovalie.com\/wp-content\/uploads\/2024\/03\/1-1024x512.png 1024w, https:\/\/www.petanquovalie.com\/wp-content\/uploads\/2024\/03\/1-300x150.png 300w, https:\/\/www.petanquovalie.com\/wp-content\/uploads\/2024\/03\/1-768x384.png 768w, https:\/\/www.petanquovalie.com\/wp-content\/uploads\/2024\/03\/1-1536x768.png 1536w, https:\/\/www.petanquovalie.com\/wp-content\/uploads\/2024\/03\/1-2048x1024.png 2048w\" sizes=\"auto, (max-width: 1024px) 100vw, 1024px\" \/><\/figure>\n\n\n\n<hr class=\"wp-block-separator has-text-color has-alpha-channel-opacity has-background is-style-wide\" style=\"background-color:#fce365;color:#fce365\"\/>\n\n\n\n<p class=\"has-text-align-center has-text-color has-link-color has-normal-font-size wp-elements-a0db3bb6d049bbcd25232520a830bed2\" style=\"color:#b32759\"><strong>Inscrivez votre \u00e9quipe d\u00e8s maintenant via notre formulaire en ligne ou \u00e0 t\u00e9l\u00e9charger ! Merci de bien lire le r\u00e8glement avant votre inscription d\u00e9finitive. <\/strong><\/p>\n\n\n\n<hr class=\"wp-block-separator has-text-color has-alpha-channel-opacity has-background is-style-wide\" style=\"background-color:#fce365;color:#fce365\"\/>\n\n\n\n<figure class=\"wp-block-image size-large is-resized\"><img loading=\"lazy\" decoding=\"async\" width=\"1024\" height=\"512\" src=\"https:\/\/www.petanquovalie.com\/wp-content\/uploads\/2024\/04\/Reglement-PetanquOvalie-1024x512.png\" alt=\"\" class=\"wp-image-338\" style=\"width:632px;height:auto\" srcset=\"https:\/\/www.petanquovalie.com\/wp-content\/uploads\/2024\/04\/Reglement-PetanquOvalie-1024x512.png 1024w, https:\/\/www.petanquovalie.com\/wp-content\/uploads\/2024\/04\/Reglement-PetanquOvalie-300x150.png 300w, https:\/\/www.petanquovalie.com\/wp-content\/uploads\/2024\/04\/Reglement-PetanquOvalie-768x384.png 768w, https:\/\/www.petanquovalie.com\/wp-content\/uploads\/2024\/04\/Reglement-PetanquOvalie-1536x768.png 1536w, https:\/\/www.petanquovalie.com\/wp-content\/uploads\/2024\/04\/Reglement-PetanquOvalie-2048x1024.png 2048w, https:\/\/www.petanquovalie.com\/wp-content\/uploads\/2024\/04\/Reglement-PetanquOvalie-1200x600.png 1200w, https:\/\/www.petanquovalie.com\/wp-content\/uploads\/2024\/04\/Reglement-PetanquOvalie-1980x990.png 1980w\" sizes=\"auto, (max-width: 1024px) 100vw, 1024px\" \/><\/figure>\n\n\n\n<hr class=\"wp-block-separator has-text-color has-alpha-channel-opacity has-background is-style-wide\" style=\"background-color:#fce365;color:#fce365\"\/>\n\n\n\n<div class=\"wp-block-buttons is-content-justification-center is-layout-flex wp-container-core-buttons-is-layout-16018d1d wp-block-buttons-is-layout-flex\">\n<div class=\"wp-block-button\"><a class=\"wp-block-button__link wp-element-button\" href=\"#\" target=\"_blank\" rel=\"noreferrer noopener\">Inscription en ligne Bient\u00f4t<\/a><\/div>\n<\/div>\n\n\n\n<hr class=\"wp-block-separator has-text-color has-alpha-channel-opacity has-background is-style-wide\" style=\"background-color:#fce365;color:#fce365\"\/>\n\n\n\n<p class=\"has-text-align-center has-text-color has-link-color has-normal-font-size wp-elements-c3eb6cbc9daf68a27473687ee241665d\" style=\"color:#b32759\">Vous ne souhaitez pas payer en ligne ? Pas de probl\u00e8me !<\/p>\n\n\n\n<p class=\"has-text-align-center has-text-color has-link-color has-normal-font-size wp-elements-83ba0e6f8791004eca7e6aa05ad9dda6\" style=\"color:#b32759\">T\u00e9l\u00e9charger l&rsquo;inscription et envoyez-nous votre retour par courrier.<\/p>\n\n\n\n<div data-wp-interactive=\"core\/file\" class=\"wp-block-file\"><object data-wp-bind--hidden=\"!state.hasPdfPreview\" hidden class=\"wp-block-file__embed\" data=\"https:\/\/www.petanquovalie.com\/wp-content\/uploads\/2026\/04\/bulletin-petanquovalie2026.pdf\" type=\"application\/pdf\" style=\"width:100%;height:600px\" aria-label=\"Contenu embarqu\u00e9 bulletin-petanquovalie2026.\"><\/object><a id=\"wp-block-file--media-f042fd72-cfa0-4277-8015-c46f54b4fa0a\" href=\"https:\/\/www.petanquovalie.com\/wp-content\/uploads\/2026\/04\/bulletin-petanquovalie2026.pdf\">bulletin-petanquovalie2026<\/a><a href=\"https:\/\/www.petanquovalie.com\/wp-content\/uploads\/2026\/04\/bulletin-petanquovalie2026.pdf\" class=\"wp-block-file__button wp-element-button\" download aria-describedby=\"wp-block-file--media-f042fd72-cfa0-4277-8015-c46f54b4fa0a\">T\u00e9l\u00e9charger<\/a><\/div>\n","protected":false},"excerpt":{"rendered":"<p>Inscrivez votre \u00e9quipe d\u00e8s maintenant via notre formulaire en ligne ou \u00e0 t\u00e9l\u00e9charger ! Merci de bien lire le r\u00e8glement avant votre inscription d\u00e9finitive. Vous ne souhaitez pas payer en ligne ? Pas de probl\u00e8me ! T\u00e9l\u00e9charger l&rsquo;inscription et envoyez-nous votre retour par courrier.<\/p>\n","protected":false},"author":3,"featured_media":0,"parent":0,"menu_order":0,"comment_status":"closed","ping_status":"closed","template":"","meta":{"_exactmetrics_skip_tracking":false,"_exactmetrics_sitenote_active":false,"_exactmetrics_sitenote_note":"","_exactmetrics_sitenote_category":0,"footnotes":""},"class_list":["post-239","page","type-page","status-publish","hentry"],"jetpack_sharing_enabled":true,"_links":{"self":[{"href":"https:\/\/www.petanquovalie.com\/index.php\/wp-json\/wp\/v2\/pages\/239","targetHints":{"allow":["GET"]}}],"collection":[{"href":"https:\/\/www.petanquovalie.com\/index.php\/wp-json\/wp\/v2\/pages"}],"about":[{"href":"https:\/\/www.petanquovalie.com\/index.php\/wp-json\/wp\/v2\/types\/page"}],"author":[{"embeddable":true,"href":"https:\/\/www.petanquovalie.com\/index.php\/wp-json\/wp\/v2\/users\/3"}],"replies":[{"embeddable":true,"href":"https:\/\/www.petanquovalie.com\/index.php\/wp-json\/wp\/v2\/comments?post=239"}],"version-history":[{"count":11,"href":"https:\/\/www.petanquovalie.com\/index.php\/wp-json\/wp\/v2\/pages\/239\/revisions"}],"predecessor-version":[{"id":368,"href":"https:\/\/www.petanquovalie.com\/index.php\/wp-json\/wp\/v2\/pages\/239\/revisions\/368"}],"wp:attachment":[{"href":"https:\/\/www.petanquovalie.com\/index.php\/wp-json\/wp\/v2\/media?parent=239"}],"curies":[{"name":"wp","href":"https:\/\/api.w.org\/{rel}","templated":true}]}}