{"id":316,"date":"2024-03-13T10:56:30","date_gmt":"2024-03-13T09:56:30","guid":{"rendered":"https:\/\/www.petanquovalie.com\/?page_id=316"},"modified":"2026-04-13T17:16:10","modified_gmt":"2026-04-13T15:16:10","slug":"evenement-2024","status":"publish","type":"page","link":"https:\/\/www.petanquovalie.com\/","title":{"rendered":"P\u00c9TANQU&rsquo;OVALIE 2026"},"content":{"rendered":"\n<hr class=\"wp-block-separator has-text-color has-alpha-channel-opacity has-background is-style-wide\" style=\"background-color:#fce365;color:#fce365\"\/>\n\n\n\n<figure class=\"wp-block-image alignwide size-full\"><img loading=\"lazy\" decoding=\"async\" width=\"1536\" height=\"1024\" src=\"https:\/\/www.petanquovalie.com\/wp-content\/uploads\/2026\/04\/petanqe.png\" alt=\"\" class=\"wp-image-355\" srcset=\"https:\/\/www.petanquovalie.com\/wp-content\/uploads\/2026\/04\/petanqe.png 1536w, https:\/\/www.petanquovalie.com\/wp-content\/uploads\/2026\/04\/petanqe-300x200.png 300w, https:\/\/www.petanquovalie.com\/wp-content\/uploads\/2026\/04\/petanqe-1024x683.png 1024w, https:\/\/www.petanquovalie.com\/wp-content\/uploads\/2026\/04\/petanqe-768x512.png 768w, https:\/\/www.petanquovalie.com\/wp-content\/uploads\/2026\/04\/petanqe-1200x800.png 1200w\" sizes=\"auto, (max-width: 1536px) 100vw, 1536px\" \/><figcaption class=\"wp-element-caption\">Screenshot<\/figcaption><\/figure>\n\n\n\n<hr class=\"wp-block-separator has-text-color has-alpha-channel-opacity has-background is-style-wide\" style=\"background-color:#fce365;color:#fce365\"\/>\n\n\n\n<p class=\"has-text-align-center has-text-color has-link-color wp-elements-da676978e480d0e1000a4c93741f7be9\" style=\"color:#b32759\"><strong>P\u00e9tanqu&rsquo;Ovalie 2026 : La date est tomb\u00e9e !<\/strong><\/p>\n\n\n\n<p class=\"has-text-align-center\">Retrouvez-nous pour la 17\u00e8me \u00e9dition, <\/p>\n\n\n\n<h2 class=\"wp-block-heading has-text-align-center\"><strong>le samedi 27 juin 2026 \u00e0 Lavelanet.<\/strong><\/h2>\n\n\n\n<p class=\"has-text-align-center\">Cette ann\u00e9e encore, nous appuyons nos valeurs rugbystiques en mettant un point d&rsquo;honneur sur les conditions de participations : Pour faire le concours de P\u00e9tanque, les joueurs doivent \u00eatre dans le monde du rugby, que ce soit des licenci\u00e9s, anciens joueurs, dirigeants, b\u00e9n\u00e9voles ou supporters&#8230;<\/p>\n\n\n\n<p class=\"has-text-align-center\">Bandas et animation dans la journ\u00e9e, <\/p>\n\n\n\n<h2 class=\"wp-block-heading has-text-align-center\"><strong>Diffusion de la finale du top 14 sur grand \u00e9cran<\/strong><\/h2>\n\n\n\n<p class=\"has-text-align-center\">Le soir, une soir\u00e9e bod\u00e9ga ouverte \u00e0 tous, avec DJ Azdin \u00e0 l&rsquo;Espace Andr\u00e9 Roudi\u00e8re \u00e0 Lavelanet pour une ambiance de folie !<\/p>\n\n\n\n<h3 class=\"wp-block-heading has-text-align-center\">TROPH\u00c9E ANDR\u00c9 MARATUECH <\/h3>\n\n\n\n<div class=\"wp-block-group is-nowrap is-layout-flex wp-container-core-group-is-layout-ad2f72ca wp-block-group-is-layout-flex\">\n<figure class=\"wp-block-image size-full is-resized\"><img loading=\"lazy\" decoding=\"async\" width=\"500\" height=\"500\" src=\"https:\/\/www.petanquovalie.com\/wp-content\/uploads\/2026\/04\/LOGO-LOR.png\" alt=\"\" class=\"wp-image-352\" style=\"width:158px;height:auto\" srcset=\"https:\/\/www.petanquovalie.com\/wp-content\/uploads\/2026\/04\/LOGO-LOR.png 500w, https:\/\/www.petanquovalie.com\/wp-content\/uploads\/2026\/04\/LOGO-LOR-300x300.png 300w, https:\/\/www.petanquovalie.com\/wp-content\/uploads\/2026\/04\/LOGO-LOR-150x150.png 150w\" sizes=\"auto, (max-width: 500px) 100vw, 500px\" \/><\/figure>\n\n\n\n<h5 class=\"wp-block-heading has-text-align-center\">ORGANIS\u00c9 EN PARTENARIAT AVEC LA LIGUE OCCITANIE<\/h5>\n\n\n\n<figure class=\"wp-block-image size-full\"><img loading=\"lazy\" decoding=\"async\" width=\"165\" height=\"148\" src=\"https:\/\/www.petanquovalie.com\/wp-content\/uploads\/2026\/04\/logo-rpo.png\" alt=\"\" class=\"wp-image-351\"\/><\/figure>\n<\/div>\n\n\n\n<p class=\"has-text-align-center\">Suivez notre page <a href=\"https:\/\/www.facebook.com\/petanquovalieofficiel\">Facebook<\/a> pour conna\u00eetre nos actualit\u00e9s.<\/p>\n\n\n\n<hr class=\"wp-block-separator has-text-color has-alpha-channel-opacity has-background is-style-wide\" style=\"background-color:#fce365;color:#fce365\"\/>\n\n\n<div class=\"aligncenter wp-block-site-logo\"><a href=\"https:\/\/www.petanquovalie.com\/\" class=\"custom-logo-link\" rel=\"home\"><img loading=\"lazy\" decoding=\"async\" width=\"207\" height=\"207\" style=\"height: 207px;\" src=\"https:\/\/www.petanquovalie.com\/wp-content\/uploads\/2026\/04\/cropped-cropped-PETAQNUE-2.png\" class=\"custom-logo\" alt=\"P\u00e9tanqu&#039;Ovalie\" srcset=\"https:\/\/www.petanquovalie.com\/wp-content\/uploads\/2026\/04\/cropped-cropped-PETAQNUE-2.png 512w, https:\/\/www.petanquovalie.com\/wp-content\/uploads\/2026\/04\/cropped-cropped-PETAQNUE-2-300x300.png 300w, https:\/\/www.petanquovalie.com\/wp-content\/uploads\/2026\/04\/cropped-cropped-PETAQNUE-2-150x150.png 150w\" sizes=\"auto, (max-width: 415px) 100vw, 415px\" \/><\/a><\/div>","protected":false},"excerpt":{"rendered":"<p>P\u00e9tanqu&rsquo;Ovalie 2026 : La date est tomb\u00e9e ! Retrouvez-nous pour la 17\u00e8me \u00e9dition, le samedi 27 juin 2026 \u00e0 Lavelanet. Cette ann\u00e9e encore, nous appuyons nos valeurs rugbystiques en mettant un point d&rsquo;honneur sur les conditions de participations : Pour faire le concours de P\u00e9tanque, les joueurs doivent \u00eatre dans le monde du rugby, que [&hellip;]<\/p>\n","protected":false},"author":3,"featured_media":0,"parent":0,"menu_order":0,"comment_status":"closed","ping_status":"closed","template":"","meta":{"_exactmetrics_skip_tracking":false,"_exactmetrics_sitenote_active":false,"_exactmetrics_sitenote_note":"","_exactmetrics_sitenote_category":0,"footnotes":""},"class_list":["post-316","page","type-page","status-publish","hentry"],"jetpack_sharing_enabled":true,"_links":{"self":[{"href":"https:\/\/www.petanquovalie.com\/index.php\/wp-json\/wp\/v2\/pages\/316","targetHints":{"allow":["GET"]}}],"collection":[{"href":"https:\/\/www.petanquovalie.com\/index.php\/wp-json\/wp\/v2\/pages"}],"about":[{"href":"https:\/\/www.petanquovalie.com\/index.php\/wp-json\/wp\/v2\/types\/page"}],"author":[{"embeddable":true,"href":"https:\/\/www.petanquovalie.com\/index.php\/wp-json\/wp\/v2\/users\/3"}],"replies":[{"embeddable":true,"href":"https:\/\/www.petanquovalie.com\/index.php\/wp-json\/wp\/v2\/comments?post=316"}],"version-history":[{"count":12,"href":"https:\/\/www.petanquovalie.com\/index.php\/wp-json\/wp\/v2\/pages\/316\/revisions"}],"predecessor-version":[{"id":373,"href":"https:\/\/www.petanquovalie.com\/index.php\/wp-json\/wp\/v2\/pages\/316\/revisions\/373"}],"wp:attachment":[{"href":"https:\/\/www.petanquovalie.com\/index.php\/wp-json\/wp\/v2\/media?parent=316"}],"curies":[{"name":"wp","href":"https:\/\/api.w.org\/{rel}","templated":true}]}}